{"id":625,"date":"2025-05-06T10:28:46","date_gmt":"2025-05-06T08:28:46","guid":{"rendered":"https:\/\/casaprovence.com\/?page_id=625"},"modified":"2025-05-06T10:33:03","modified_gmt":"2025-05-06T08:33:03","slug":"mentions-legales","status":"publish","type":"page","link":"https:\/\/casaprovence.com\/index.php\/mentions-legales\/","title":{"rendered":"MENTIONS L\u00c9GALES"},"content":{"rendered":"\t\t<div data-elementor-type=\"wp-page\" data-elementor-id=\"625\" class=\"elementor elementor-625\" data-elementor-post-type=\"page\">\n\t\t\t\t<div class=\"elementor-element elementor-element-395baf86 e-flex e-con-boxed e-con e-parent\" data-id=\"395baf86\" data-element_type=\"container\" data-e-type=\"container\">\n\t\t\t\t\t<div class=\"e-con-inner\">\n\t\t<div class=\"elementor-element elementor-element-3343260d e-con-full e-flex e-con e-child\" data-id=\"3343260d\" data-element_type=\"container\" data-e-type=\"container\">\n\t\t\t\t<div class=\"elementor-element elementor-element-49178f72 elementor-widget elementor-widget-heading\" data-id=\"49178f72\" data-element_type=\"widget\" data-e-type=\"widget\" data-widget_type=\"heading.default\">\n\t\t\t\t<div class=\"elementor-widget-container\">\n\t\t\t\t\t<h2 class=\"elementor-heading-title elementor-size-default\">Mentions L\u00e9gales<\/h2>\t\t\t\t<\/div>\n\t\t\t\t<\/div>\n\t\t\t\t<\/div>\n\t\t\t\t\t<\/div>\n\t\t\t\t<\/div>\n\t\t<div class=\"elementor-element elementor-element-36953cd5 e-flex e-con-boxed e-con e-parent\" data-id=\"36953cd5\" data-element_type=\"container\" data-e-type=\"container\">\n\t\t\t\t\t<div class=\"e-con-inner\">\n\t\t<div class=\"elementor-element elementor-element-3d503e43 e-con-full e-flex e-con e-child\" data-id=\"3d503e43\" data-element_type=\"container\" data-e-type=\"container\">\n\t\t\t\t<div class=\"elementor-element elementor-element-1c3a6ad0 elementor-widget elementor-widget-text-editor\" data-id=\"1c3a6ad0\" data-element_type=\"widget\" data-e-type=\"widget\" data-widget_type=\"text-editor.default\">\n\t\t\t\t<div class=\"elementor-widget-container\">\n\t\t\t\t\t\t\t\t\t<p>\u00c9diteur du site<\/p><p>Raison sociale : SNC 6 PROVENCE<\/p><p>Forme juridique : Soci\u00e9t\u00e9 en Nom Collectif<\/p><p>Adresse : 8 rue Rabelais, 75008 Paris, France<\/p><p>SIREN : 93479398500011<\/p><p>T\u00e9l\u00e9phone : +33762783305<\/p><p>Email : <a href=\"mailto:mpsainttropez@gmail.com\">mpsainttropez@gmail.com<\/a><\/p><p>\u00a0<\/p><p><strong>H\u00e9bergeur<\/strong> : OVH SAS<\/p><p><strong>Adresse<\/strong> : 2 rue Kellermann, 59100 Roubaix, France<\/p><p><strong>T\u00e9l\u00e9phone :<\/strong> +33 (0)9 72 10 10 07<\/p><p><strong>Email<\/strong> : <a href=\"mailto:support@ovh.com\">support@ovh.com<\/a><\/p><p><strong>Site web<\/strong> : <a href=\"https:\/\/www.ovhcloud.com\">https:\/\/www.ovhcloud.com<\/a><\/p><p>Propri\u00e9t\u00e9 intellectuelle L\u2019ensemble des contenus pr\u00e9sents sur le site (textes, images, logos, etc.) est la propri\u00e9t\u00e9 exclusive de SNC 6 Provence, sauf mention contraire. Toute reproduction ou utilisation non autoris\u00e9e est interdite.<\/p><p>\u2e3b<\/p><p><strong>POLITIQUE DE CONFIDENTIALIT\u00c9<\/strong><\/p><p>Collecte des donn\u00e9es Nous collectons des donn\u00e9es personnelles lors de la r\u00e9servation (nom, pr\u00e9nom, email, t\u00e9l\u00e9phone, donn\u00e9es de paiement, etc.). Ces donn\u00e9es sont n\u00e9cessaires \u00e0 la gestion de votre commande.<\/p><p>Utilisation des donn\u00e9es Les donn\u00e9es sont utilis\u00e9es uniquement pour : \u2022 La gestion des r\u00e9servations, \u2022 La facturation, \u2022 La communication avec le client (email, t\u00e9l\u00e9phone), \u2022 Les obligations l\u00e9gales et fiscales.<\/p><p>Partage des donn\u00e9es Les donn\u00e9es ne sont pas vendues \u00e0 des tiers. Elles peuvent \u00eatre partag\u00e9es uniquement avec des sous-traitants (ex : prestataire de paiement s\u00e9curis\u00e9) pour assurer le bon fonctionnement du service.<\/p><p>Dur\u00e9e de conservation Les donn\u00e9es sont conserv\u00e9es pendant 3 ans \u00e0 des fins commerciales, ou plus longtemps si la loi l\u2019exige.<\/p><p>Droits de l\u2019utilisateur Conform\u00e9ment au RGPD, vous disposez des droits suivants : \u2022 Droit d\u2019acc\u00e8s, de rectification, d\u2019effacement, \u2022 Droit \u00e0 la portabilit\u00e9 de vos donn\u00e9es, \u2022 Droit d\u2019opposition au traitement, \u2022 Droit d\u2019introduire une r\u00e9clamation aupr\u00e8s de la CNIL.<\/p><p>Vous pouvez exercer ces droits \u00e0 tout moment en contactant : Email : [email de contact] Adresse : SNC 6 Provence, 8 rue Rabelais, 75008 Paris<\/p><p>Cookies Le site peut utiliser des cookies pour am\u00e9liorer l\u2019exp\u00e9rience utilisateur. Vous pouvez accepter, refuser ou configurer les cookies depuis votre navigateur.<\/p><p><!-- notionvc: a0a029f6-7ea9-429d-81fc-352c19d8248c --><\/p>\t\t\t\t\t\t\t\t<\/div>\n\t\t\t\t<\/div>\n\t\t\t\t<\/div>\n\t\t\t\t\t<\/div>\n\t\t\t\t<\/div>\n\t\t<div class=\"elementor-element elementor-element-46f1acc4 e-flex e-con-boxed e-con e-parent\" data-id=\"46f1acc4\" data-element_type=\"container\" data-e-type=\"container\">\n\t\t\t\t\t<div class=\"e-con-inner\">\n\t\t<div class=\"elementor-element elementor-element-2f76c4ec e-con-full e-flex e-con e-child\" data-id=\"2f76c4ec\" data-element_type=\"container\" data-e-type=\"container\">\n\t\t\t\t<div class=\"elementor-element elementor-element-6ddb1c0a elementor-widget elementor-widget-spacer\" data-id=\"6ddb1c0a\" data-element_type=\"widget\" data-e-type=\"widget\" data-widget_type=\"spacer.default\">\n\t\t\t\t<div class=\"elementor-widget-container\">\n\t\t\t\t\t\t\t<div class=\"elementor-spacer\">\n\t\t\t<div class=\"elementor-spacer-inner\"><\/div>\n\t\t<\/div>\n\t\t\t\t\t\t<\/div>\n\t\t\t\t<\/div>\n\t\t\t\t<\/div>\n\t\t\t\t\t<\/div>\n\t\t\t\t<\/div>\n\t\t\t\t<\/div>\n\t\t","protected":false},"excerpt":{"rendered":"<p>Mentions L\u00e9gales \u00c9diteur du site Raison sociale : SNC 6 PROVENCE Forme juridique : Soci\u00e9t\u00e9 en Nom Collectif Adresse : 8 rue Rabelais, 75008 Paris, France SIREN : 93479398500011 T\u00e9l\u00e9phone : +33762783305 Email : mpsainttropez@gmail.com \u00a0 H\u00e9bergeur : OVH SAS Adresse : 2 rue Kellermann, 59100 Roubaix, France T\u00e9l\u00e9phone : +33 (0)9 72 10 10 [&hellip;]<\/p>\n","protected":false},"author":1,"featured_media":0,"parent":0,"menu_order":0,"comment_status":"closed","ping_status":"closed","template":"","meta":{"footnotes":""},"class_list":["post-625","page","type-page","status-publish","hentry"],"yoast_head":"<!-- This site is optimized with the Yoast SEO plugin v27.5 - https:\/\/yoast.com\/product\/yoast-seo-wordpress\/ -->\n<title>MENTIONS L\u00c9GALES - Maison Provence<\/title>\n<meta name=\"robots\" content=\"index, follow, max-snippet:-1, max-image-preview:large, max-video-preview:-1\" \/>\n<link rel=\"canonical\" href=\"https:\/\/casaprovence.com\/index.php\/mentions-legales\/\" \/>\n<meta property=\"og:locale\" content=\"en_US\" \/>\n<meta property=\"og:type\" content=\"article\" \/>\n<meta property=\"og:title\" content=\"MENTIONS L\u00c9GALES - Maison Provence\" \/>\n<meta property=\"og:description\" content=\"Mentions L\u00e9gales \u00c9diteur du site Raison sociale : SNC 6 PROVENCE Forme juridique : Soci\u00e9t\u00e9 en Nom Collectif Adresse : 8 rue Rabelais, 75008 Paris, France SIREN : 93479398500011 T\u00e9l\u00e9phone : +33762783305 Email : mpsainttropez@gmail.com \u00a0 H\u00e9bergeur : OVH SAS Adresse : 2 rue Kellermann, 59100 Roubaix, France T\u00e9l\u00e9phone : +33 (0)9 72 10 10 [&hellip;]\" \/>\n<meta property=\"og:url\" content=\"https:\/\/casaprovence.com\/index.php\/mentions-legales\/\" \/>\n<meta property=\"og:site_name\" content=\"Maison Provence\" \/>\n<meta property=\"article:modified_time\" content=\"2025-05-06T08:33:03+00:00\" \/>\n<meta name=\"twitter:card\" content=\"summary_large_image\" \/>\n<meta name=\"twitter:label1\" content=\"Est. reading time\" \/>\n\t<meta name=\"twitter:data1\" content=\"2 minutes\" \/>\n<script type=\"application\/ld+json\" class=\"yoast-schema-graph\">{\"@context\":\"https:\\\/\\\/schema.org\",\"@graph\":[{\"@type\":\"WebPage\",\"@id\":\"https:\\\/\\\/casaprovence.com\\\/index.php\\\/mentions-legales\\\/\",\"url\":\"https:\\\/\\\/casaprovence.com\\\/index.php\\\/mentions-legales\\\/\",\"name\":\"MENTIONS L\u00c9GALES - Maison Provence\",\"isPartOf\":{\"@id\":\"https:\\\/\\\/casaprovence.com\\\/#website\"},\"datePublished\":\"2025-05-06T08:28:46+00:00\",\"dateModified\":\"2025-05-06T08:33:03+00:00\",\"breadcrumb\":{\"@id\":\"https:\\\/\\\/casaprovence.com\\\/index.php\\\/mentions-legales\\\/#breadcrumb\"},\"inLanguage\":\"en-US\",\"potentialAction\":[{\"@type\":\"ReadAction\",\"target\":[\"https:\\\/\\\/casaprovence.com\\\/index.php\\\/mentions-legales\\\/\"]}]},{\"@type\":\"BreadcrumbList\",\"@id\":\"https:\\\/\\\/casaprovence.com\\\/index.php\\\/mentions-legales\\\/#breadcrumb\",\"itemListElement\":[{\"@type\":\"ListItem\",\"position\":1,\"name\":\"Accueil\",\"item\":\"https:\\\/\\\/casaprovence.com\\\/\"},{\"@type\":\"ListItem\",\"position\":2,\"name\":\"MENTIONS L\u00c9GALES\"}]},{\"@type\":\"WebSite\",\"@id\":\"https:\\\/\\\/casaprovence.com\\\/#website\",\"url\":\"https:\\\/\\\/casaprovence.com\\\/\",\"name\":\"Maison Provence\",\"description\":\"\",\"publisher\":{\"@id\":\"https:\\\/\\\/casaprovence.com\\\/#organization\"},\"potentialAction\":[{\"@type\":\"SearchAction\",\"target\":{\"@type\":\"EntryPoint\",\"urlTemplate\":\"https:\\\/\\\/casaprovence.com\\\/?s={search_term_string}\"},\"query-input\":{\"@type\":\"PropertyValueSpecification\",\"valueRequired\":true,\"valueName\":\"search_term_string\"}}],\"inLanguage\":\"en-US\"},{\"@type\":\"Organization\",\"@id\":\"https:\\\/\\\/casaprovence.com\\\/#organization\",\"name\":\"Maison Provence\",\"url\":\"https:\\\/\\\/casaprovence.com\\\/\",\"logo\":{\"@type\":\"ImageObject\",\"inLanguage\":\"en-US\",\"@id\":\"https:\\\/\\\/casaprovence.com\\\/#\\\/schema\\\/logo\\\/image\\\/\",\"url\":\"http:\\\/\\\/casaprovence.com\\\/wp-content\\\/uploads\\\/2025\\\/03\\\/logo_maison_provence_off-e1742314532976.jpg\",\"contentUrl\":\"http:\\\/\\\/casaprovence.com\\\/wp-content\\\/uploads\\\/2025\\\/03\\\/logo_maison_provence_off-e1742314532976.jpg\",\"width\":810,\"height\":600,\"caption\":\"Maison Provence\"},\"image\":{\"@id\":\"https:\\\/\\\/casaprovence.com\\\/#\\\/schema\\\/logo\\\/image\\\/\"},\"sameAs\":[\"https:\\\/\\\/www.instagram.com\\\/maisonprovence__\\\/\"]}]}<\/script>\n<!-- \/ Yoast SEO plugin. -->","yoast_head_json":{"title":"MENTIONS L\u00c9GALES - Maison Provence","robots":{"index":"index","follow":"follow","max-snippet":"max-snippet:-1","max-image-preview":"max-image-preview:large","max-video-preview":"max-video-preview:-1"},"canonical":"https:\/\/casaprovence.com\/index.php\/mentions-legales\/","og_locale":"en_US","og_type":"article","og_title":"MENTIONS L\u00c9GALES - Maison Provence","og_description":"Mentions L\u00e9gales \u00c9diteur du site Raison sociale : SNC 6 PROVENCE Forme juridique : Soci\u00e9t\u00e9 en Nom Collectif Adresse : 8 rue Rabelais, 75008 Paris, France SIREN : 93479398500011 T\u00e9l\u00e9phone : +33762783305 Email : mpsainttropez@gmail.com \u00a0 H\u00e9bergeur : OVH SAS Adresse : 2 rue Kellermann, 59100 Roubaix, France T\u00e9l\u00e9phone : +33 (0)9 72 10 10 [&hellip;]","og_url":"https:\/\/casaprovence.com\/index.php\/mentions-legales\/","og_site_name":"Maison Provence","article_modified_time":"2025-05-06T08:33:03+00:00","twitter_card":"summary_large_image","twitter_misc":{"Est. reading time":"2 minutes"},"schema":{"@context":"https:\/\/schema.org","@graph":[{"@type":"WebPage","@id":"https:\/\/casaprovence.com\/index.php\/mentions-legales\/","url":"https:\/\/casaprovence.com\/index.php\/mentions-legales\/","name":"MENTIONS L\u00c9GALES - Maison Provence","isPartOf":{"@id":"https:\/\/casaprovence.com\/#website"},"datePublished":"2025-05-06T08:28:46+00:00","dateModified":"2025-05-06T08:33:03+00:00","breadcrumb":{"@id":"https:\/\/casaprovence.com\/index.php\/mentions-legales\/#breadcrumb"},"inLanguage":"en-US","potentialAction":[{"@type":"ReadAction","target":["https:\/\/casaprovence.com\/index.php\/mentions-legales\/"]}]},{"@type":"BreadcrumbList","@id":"https:\/\/casaprovence.com\/index.php\/mentions-legales\/#breadcrumb","itemListElement":[{"@type":"ListItem","position":1,"name":"Accueil","item":"https:\/\/casaprovence.com\/"},{"@type":"ListItem","position":2,"name":"MENTIONS L\u00c9GALES"}]},{"@type":"WebSite","@id":"https:\/\/casaprovence.com\/#website","url":"https:\/\/casaprovence.com\/","name":"Maison Provence","description":"","publisher":{"@id":"https:\/\/casaprovence.com\/#organization"},"potentialAction":[{"@type":"SearchAction","target":{"@type":"EntryPoint","urlTemplate":"https:\/\/casaprovence.com\/?s={search_term_string}"},"query-input":{"@type":"PropertyValueSpecification","valueRequired":true,"valueName":"search_term_string"}}],"inLanguage":"en-US"},{"@type":"Organization","@id":"https:\/\/casaprovence.com\/#organization","name":"Maison Provence","url":"https:\/\/casaprovence.com\/","logo":{"@type":"ImageObject","inLanguage":"en-US","@id":"https:\/\/casaprovence.com\/#\/schema\/logo\/image\/","url":"http:\/\/casaprovence.com\/wp-content\/uploads\/2025\/03\/logo_maison_provence_off-e1742314532976.jpg","contentUrl":"http:\/\/casaprovence.com\/wp-content\/uploads\/2025\/03\/logo_maison_provence_off-e1742314532976.jpg","width":810,"height":600,"caption":"Maison Provence"},"image":{"@id":"https:\/\/casaprovence.com\/#\/schema\/logo\/image\/"},"sameAs":["https:\/\/www.instagram.com\/maisonprovence__\/"]}]}},"_links":{"self":[{"href":"https:\/\/casaprovence.com\/index.php\/wp-json\/wp\/v2\/pages\/625","targetHints":{"allow":["GET"]}}],"collection":[{"href":"https:\/\/casaprovence.com\/index.php\/wp-json\/wp\/v2\/pages"}],"about":[{"href":"https:\/\/casaprovence.com\/index.php\/wp-json\/wp\/v2\/types\/page"}],"author":[{"embeddable":true,"href":"https:\/\/casaprovence.com\/index.php\/wp-json\/wp\/v2\/users\/1"}],"replies":[{"embeddable":true,"href":"https:\/\/casaprovence.com\/index.php\/wp-json\/wp\/v2\/comments?post=625"}],"version-history":[{"count":6,"href":"https:\/\/casaprovence.com\/index.php\/wp-json\/wp\/v2\/pages\/625\/revisions"}],"predecessor-version":[{"id":633,"href":"https:\/\/casaprovence.com\/index.php\/wp-json\/wp\/v2\/pages\/625\/revisions\/633"}],"wp:attachment":[{"href":"https:\/\/casaprovence.com\/index.php\/wp-json\/wp\/v2\/media?parent=625"}],"curies":[{"name":"wp","href":"https:\/\/api.w.org\/{rel}","templated":true}]}}